{"id":8433,"date":"2026-03-24T14:21:02","date_gmt":"2026-03-24T19:21:02","guid":{"rendered":"https:\/\/infobienestar.ufpso.edu.co\/?page_id=8433"},"modified":"2026-03-24T14:45:10","modified_gmt":"2026-03-24T19:45:10","slug":"protocolos","status":"publish","type":"page","link":"https:\/\/infobienestar.ufpso.edu.co\/?page_id=8433","title":{"rendered":"Protocolos"},"content":{"rendered":"\t\t<div data-elementor-type=\"wp-page\" data-elementor-id=\"8433\" class=\"elementor elementor-8433\">\n\t\t\t\t\t\t<section class=\"elementor-section elementor-top-section elementor-element elementor-element-0b3170a elementor-section-boxed elementor-section-height-default elementor-section-height-default\" data-id=\"0b3170a\" data-element_type=\"section\">\n\t\t\t\t\t\t<div class=\"elementor-container elementor-column-gap-default\">\n\t\t\t\t\t<div class=\"elementor-column elementor-col-100 elementor-top-column elementor-element elementor-element-959feaf\" data-id=\"959feaf\" data-element_type=\"column\">\n\t\t\t<div class=\"elementor-widget-wrap elementor-element-populated\">\n\t\t\t\t\t\t<div class=\"elementor-element elementor-element-bc0cf17 elementor-widget elementor-widget-html\" data-id=\"bc0cf17\" data-element_type=\"widget\" data-widget_type=\"html.default\">\n\t\t\t\t<div class=\"elementor-widget-container\">\n\t\t\t<style>\r\n  :root {\r\n    --rojo-institucional: #B31224;\r\n    --rojo-hover: #960f1e;\r\n    --fondo-caja: #F7F7F7;\r\n    --texto-oscuro: #333333;\r\n  }\r\n\r\n  .protocolos-container {\r\n    max-width: 800px;\r\n    margin: 0 auto;\r\n    font-family: Arial, sans-serif;\r\n    color: var(--texto-oscuro);\r\n  }\r\n\r\n  .protocolos-title {\r\n    text-align: center;\r\n    font-size: 24px;\r\n    text-transform: uppercase;\r\n    margin-bottom: 15px;\r\n    color: black;\r\n  }\r\n\r\n  .title-divider {\r\n    width: 60px;\r\n    height: 3px;\r\n    background-color: var(--rojo-institucional);\r\n    border: none;\r\n    margin: 0 auto 30px auto;\r\n  }\r\n\r\n  .protocolos-info {\r\n    background-color: var(--fondo-caja);\r\n    border-left: 5px solid var(--rojo-institucional);\r\n    padding: 20px;\r\n    margin-bottom: 30px;\r\n    border-radius: 0 4px 4px 0;\r\n    line-height: 1.6;\r\n  }\r\n\r\n  .protocolos-info p {\r\n    margin: 0;\r\n    color: #555;\r\n  }\r\n\r\n  .accordion-item {\r\n    margin-bottom: 15px;\r\n    border-radius: 6px;\r\n    overflow: hidden;\r\n    box-shadow: 0 2px 5px rgba(0,0,0,0.15);\r\n  }\r\n\r\n  .accordion-button {\r\n    width: 100%;\r\n    background-color: var(--rojo-institucional);\r\n    color: white;\r\n    border: none;\r\n    padding: 18px 20px;\r\n    font-size: 16px;\r\n    font-weight: bold;\r\n    text-align: left;\r\n    cursor: pointer;\r\n    display: flex;\r\n    justify-content: space-between;\r\n    align-items: center;\r\n    transition: background-color 0.3s ease;\r\n  }\r\n\r\n  .accordion-button:hover {\r\n    background-color: var(--rojo-hover);\r\n  }\r\n\r\n  .icon-circle {\r\n    background-color: rgba(255, 255, 255, 0.25);\r\n    width: 32px;\r\n    height: 32px;\r\n    border-radius: 50%;\r\n    display: flex;\r\n    justify-content: center;\r\n    align-items: center;\r\n    transition: transform 0.4s ease;\r\n  }\r\n\r\n  .chevron {\r\n    border: solid white;\r\n    border-width: 0 2px 2px 0;\r\n    display: inline-block;\r\n    padding: 4px;\r\n    transform: rotate(45deg);\r\n    margin-bottom: 2px;\r\n  }\r\n\r\n  .accordion-button.active .icon-circle {\r\n    transform: rotate(180deg);\r\n  }\r\n\r\n  .accordion-content {\r\n    background-color: white;\r\n    max-height: 0;\r\n    overflow: hidden;\r\n    transition: max-height 0.3s ease-out, padding 0.3s ease-out;\r\n    padding: 0 20px;\r\n    border: 1px solid #eaeaea;\r\n    border-top: none;\r\n  }\r\n\r\n  .accordion-content p {\r\n    margin-top: 20px;\r\n    margin-bottom: 10px;\r\n  }\r\n\r\n  .enlace-protocolo {\r\n    display: inline-block;\r\n    color: var(--rojo-institucional);\r\n    text-decoration: none;\r\n    font-weight: bold;\r\n    margin-bottom: 20px;\r\n  }\r\n\r\n  .enlace-protocolo:hover {\r\n    text-decoration: underline;\r\n  }\r\n<\/style>\r\n\r\n<div class=\"protocolos-container\">\r\n  <h2 class=\"protocolos-title\">PROTOCOLOS DE BIENESTAR UNIVERSITARIO<\/h2>\r\n  <hr class=\"title-divider\">\r\n\r\n  <div class=\"protocolos-info\">\r\n    <p>Protocolos impulsados por Bienestar Universitario<\/p>\r\n  <\/div>\r\n\r\n  <div class=\"accordion-container\">\r\n    <!-- Primer Protocolo -->\r\n    <div class=\"accordion-item\">\r\n      <button class=\"accordion-button\">\r\n        Protocolo para la activacion de ruta de atenci\u00f3n en casos de bullying\r\n        <span class=\"icon-circle\"><i class=\"chevron\"><\/i><\/span>\r\n      <\/button>\r\n      <div class=\"accordion-content\">\r\n        <p>Haz clic en el siguiente enlace para acceder al documento oficial:<\/p>\r\n        <a href=\"https:\/\/infobienestar.ufpso.edu.co\/wp-content\/uploads\/2026\/03\/protoloco-de-bulliyng.pdf\" target=\"_blank\" class=\"enlace-protocolo\">Ver documento completo<\/a>\r\n      <\/div>\r\n    <\/div>\r\n\r\n    <!-- Segundo Protocolo -->\r\n    <div class=\"accordion-item\">\r\n      <button class=\"accordion-button\">\r\n        Protocolo para la prevenci\u00f3n, detecci\u00f3n y remisi\u00f3n de casos de violencias basadas en g\u00e9nero\r\n        <span class=\"icon-circle\"><i class=\"chevron\"><\/i><\/span>\r\n      <\/button>\r\n      <div class=\"accordion-content\">\r\n        <p>Haz clic en el siguiente enlace para acceder al documento oficial:<\/p>\r\n        <a href=\"https:\/\/infobienestar.ufpso.edu.co\/wp-content\/uploads\/2026\/03\/protoloco-de-vbg-BU-y-CJ.pdf\" target=\"_blank\" class=\"enlace-protocolo\">Ver documento completo<\/a>\r\n      <\/div>\r\n    <\/div>\r\n  <\/div>\r\n<\/div>\r\n\r\n<script>\r\n  function initAccordion() {\r\n    const accordionButtons = document.querySelectorAll(\".accordion-button\");\r\n    \r\n    accordionButtons.forEach(button => {\r\n      \/\/ Evitar que el evento se asigne m\u00e1s de una vez en Elementor\r\n      if(button.dataset.initialized) return;\r\n      button.dataset.initialized = \"true\";\r\n\r\n      button.addEventListener(\"click\", function() {\r\n        this.classList.toggle(\"active\");\r\n        const content = this.nextElementSibling;\r\n        \r\n        if (content.style.maxHeight) {\r\n          content.style.maxHeight = null;\r\n          content.style.padding = \"0 20px\";\r\n        } else {\r\n          content.style.maxHeight = content.scrollHeight + 40 + \"px\";\r\n          content.style.padding = \"0 20px 20px 20px\";\r\n        }\r\n      });\r\n    });\r\n  }\r\n\r\n  \/\/ Asegurar ejecuci\u00f3n en Elementor\r\n  document.addEventListener(\"DOMContentLoaded\", initAccordion);\r\n  if (document.readyState === \"interactive\" || document.readyState === \"complete\") {\r\n    initAccordion();\r\n  }\r\n<\/script>\r\n\t\t<\/div>\n\t\t\t\t<\/div>\n\t\t\t\t\t<\/div>\n\t\t<\/div>\n\t\t\t\t\t<\/div>\n\t\t<\/section>\n\t\t\t\t<\/div>\n\t\t","protected":false},"excerpt":{"rendered":"<p>PROTOCOLOS DE BIENESTAR UNIVERSITARIO Protocolos impulsados por Bienestar Universitario Protocolo para la activacion de ruta de atenci\u00f3n en casos de [&hellip;]<\/p>\n","protected":false},"author":1,"featured_media":0,"parent":0,"menu_order":0,"comment_status":"closed","ping_status":"closed","template":"","meta":{"site-sidebar-layout":"no-sidebar","site-content-layout":"","ast-site-content-layout":"full-width-container","site-content-style":"default","site-sidebar-style":"default","ast-global-header-display":"","ast-banner-title-visibility":"","ast-main-header-display":"","ast-hfb-above-header-display":"","ast-hfb-below-header-display":"","ast-hfb-mobile-header-display":"","site-post-title":"disabled","ast-breadcrumbs-content":"","ast-featured-img":"disabled","footer-sml-layout":"","theme-transparent-header-meta":"","adv-header-id-meta":"","stick-header-meta":"","header-above-stick-meta":"","header-main-stick-meta":"","header-below-stick-meta":"","astra-migrate-meta-layouts":"default","ast-page-background-enabled":"default","ast-page-background-meta":{"desktop":{"background-color":"var(--ast-global-color-4)","background-image":"","background-repeat":"repeat","background-position":"center center","background-size":"auto","background-attachment":"scroll","background-type":"","background-media":"","overlay-type":"","overlay-color":"","overlay-opacity":"","overlay-gradient":""},"tablet":{"background-color":"","background-image":"","background-repeat":"repeat","background-position":"center center","background-size":"auto","background-attachment":"scroll","background-type":"","background-media":"","overlay-type":"","overlay-color":"","overlay-opacity":"","overlay-gradient":""},"mobile":{"background-color":"","background-image":"","background-repeat":"repeat","background-position":"center center","background-size":"auto","background-attachment":"scroll","background-type":"","background-media":"","overlay-type":"","overlay-color":"","overlay-opacity":"","overlay-gradient":""}},"ast-content-background-meta":{"desktop":{"background-color":"var(--ast-global-color-5)","background-image":"","background-repeat":"repeat","background-position":"center center","background-size":"auto","background-attachment":"scroll","background-type":"","background-media":"","overlay-type":"","overlay-color":"","overlay-opacity":"","overlay-gradient":""},"tablet":{"background-color":"var(--ast-global-color-5)","background-image":"","background-repeat":"repeat","background-position":"center center","background-size":"auto","background-attachment":"scroll","background-type":"","background-media":"","overlay-type":"","overlay-color":"","overlay-opacity":"","overlay-gradient":""},"mobile":{"background-color":"var(--ast-global-color-5)","background-image":"","background-repeat":"repeat","background-position":"center center","background-size":"auto","background-attachment":"scroll","background-type":"","background-media":"","overlay-type":"","overlay-color":"","overlay-opacity":"","overlay-gradient":""}},"footnotes":""},"class_list":["post-8433","page","type-page","status-publish","hentry"],"_links":{"self":[{"href":"https:\/\/infobienestar.ufpso.edu.co\/index.php?rest_route=\/wp\/v2\/pages\/8433","targetHints":{"allow":["GET"]}}],"collection":[{"href":"https:\/\/infobienestar.ufpso.edu.co\/index.php?rest_route=\/wp\/v2\/pages"}],"about":[{"href":"https:\/\/infobienestar.ufpso.edu.co\/index.php?rest_route=\/wp\/v2\/types\/page"}],"author":[{"embeddable":true,"href":"https:\/\/infobienestar.ufpso.edu.co\/index.php?rest_route=\/wp\/v2\/users\/1"}],"replies":[{"embeddable":true,"href":"https:\/\/infobienestar.ufpso.edu.co\/index.php?rest_route=%2Fwp%2Fv2%2Fcomments&post=8433"}],"version-history":[{"count":6,"href":"https:\/\/infobienestar.ufpso.edu.co\/index.php?rest_route=\/wp\/v2\/pages\/8433\/revisions"}],"predecessor-version":[{"id":8440,"href":"https:\/\/infobienestar.ufpso.edu.co\/index.php?rest_route=\/wp\/v2\/pages\/8433\/revisions\/8440"}],"wp:attachment":[{"href":"https:\/\/infobienestar.ufpso.edu.co\/index.php?rest_route=%2Fwp%2Fv2%2Fmedia&parent=8433"}],"curies":[{"name":"wp","href":"https:\/\/api.w.org\/{rel}","templated":true}]}}